{"id":22,"date":"2021-04-14T00:35:10","date_gmt":"2021-04-13T21:35:10","guid":{"rendered":"http:\/\/ankaraasilmakine.com\/en\/?page_id=22"},"modified":"2021-05-21T11:58:02","modified_gmt":"2021-05-21T08:58:02","slug":"fields-of-operation","status":"publish","type":"page","link":"http:\/\/ankaraasilmakine.com\/en\/fields-of-operation\/","title":{"rendered":"FIELDS OF OPERATION"},"content":{"rendered":"<!--themify_builder_content-->\n<div id=\"themify_builder_content-22\" data-postid=\"22\" class=\"themify_builder_content themify_builder_content-22 themify_builder tf_clear\">\n    \t<!-- module_row -->\n\t<div  data-lazy=\"1\" class=\"module_row themify_builder_row tb_n29y557 tb_first tf_clearfix\">\n\t    \t\t<div class=\"row_inner col_align_top tf_box tf_w tf_rel\">\n\t\t\t<div  data-lazy=\"1\" class=\"module_column tb-column col-full first tb_drob562 tf_box\">\n\t    \t    \t        <div class=\"tb-column-inner tf_box tf_w\">\n\t\t    <!-- module post -->\n<div  class=\"module module-post tb_4kz1121 \">\n    <h3 class=\"module-title\">FIELDS OF OPERATION<\/h3>    <div  class=\"builder-posts-wrap loops-wrapper grid3 tf_clear tf_clearfix\" data-lazy=\"1\">\n\t\n<div id=\"post-282\" class=\"post tf_clearfix cat-1 post-282 type-post status-publish format-standard has-post-thumbnail hentry category-kategori-1 has-post-title no-post-date has-post-category has-post-tag has-post-comment has-post-author \">\n\t\n\t\t\t\t<figure class=\"post-image tf_clearfix\">\n\t\t\t    \t\t\t\t\t\t\t\t<a href=\"http:\/\/ankaraasilmakine.com\/en\/defense-industry\/\">\n\t\t\t\t\t\t\t\t<img loading=\"lazy\" decoding=\"async\" src=\"http:\/\/ankaraasilmakine.com\/en\/wp-content\/uploads\/2021\/04\/savunma-sanayi-400x400.jpg\" width=\"400\" height=\"400\" class=\"wp-post-image wp-image-649\" title=\"Savunma Sanayi\" alt=\"Savunma Sanayi\" srcset=\"http:\/\/ankaraasilmakine.com\/en\/wp-content\/uploads\/2021\/04\/savunma-sanayi.jpg 400w, http:\/\/ankaraasilmakine.com\/en\/wp-content\/uploads\/2021\/04\/savunma-sanayi-300x300.jpg 300w, http:\/\/ankaraasilmakine.com\/en\/wp-content\/uploads\/2021\/04\/savunma-sanayi-150x150.jpg 150w\" sizes=\"auto, (max-width: 400px) 100vw, 400px\" \/>\t\t\t\t\t\t\t\t    \t\t\t\t<\/a>\n\t\t\t\t\t\t\t    \t\t\t<\/figure>\n\t\t\t\n\t<div class=\"post-content\">\n\t\t\n\t\t\t<h2 class=\"post-title entry-title\"><a href=\"http:\/\/ankaraasilmakine.com\/en\/defense-industry\/\">Defense Industry<\/a><\/h2>\n\t\t\t<div class=\"entry-content\">\n\n\t    \n\t<\/div><!-- \/.entry-content -->\n\t\n\t\t\n\n\t<\/div>\n\t<!-- \/.post-content -->\n\n    <\/div>\n<!--\/post -->\n\n<div id=\"post-253\" class=\"post tf_clearfix cat-1 post-253 type-post status-publish format-standard has-post-thumbnail hentry category-kategori-1 has-post-title no-post-date has-post-category has-post-tag has-post-comment has-post-author \">\n\t\n\t\t\t\t<figure class=\"post-image tf_clearfix\">\n\t\t\t    \t\t\t\t\t\t\t\t<a href=\"http:\/\/ankaraasilmakine.com\/en\/reductors\/\">\n\t\t\t\t\t\t\t\t<img loading=\"lazy\" decoding=\"async\" src=\"http:\/\/ankaraasilmakine.com\/en\/wp-content\/uploads\/2021\/04\/reductors-400x400.jpg\" width=\"400\" height=\"400\" class=\"wp-post-image wp-image-651\" title=\"Reductors\" alt=\"Reductors\" srcset=\"http:\/\/ankaraasilmakine.com\/en\/wp-content\/uploads\/2021\/04\/reductors.jpg 400w, http:\/\/ankaraasilmakine.com\/en\/wp-content\/uploads\/2021\/04\/reductors-300x300.jpg 300w, http:\/\/ankaraasilmakine.com\/en\/wp-content\/uploads\/2021\/04\/reductors-150x150.jpg 150w\" sizes=\"auto, (max-width: 400px) 100vw, 400px\" \/>\t\t\t\t\t\t\t\t    \t\t\t\t<\/a>\n\t\t\t\t\t\t\t    \t\t\t<\/figure>\n\t\t\t\n\t<div class=\"post-content\">\n\t\t\n\t\t\t<h2 class=\"post-title entry-title\"><a href=\"http:\/\/ankaraasilmakine.com\/en\/reductors\/\">Reductors<\/a><\/h2>\n\t\t\t<div class=\"entry-content\">\n\n\t    \n\t<\/div><!-- \/.entry-content -->\n\t\n\t\t\n\n\t<\/div>\n\t<!-- \/.post-content -->\n\n    <\/div>\n<!--\/post -->\n\n<div id=\"post-112\" class=\"post tf_clearfix cat-1 post-112 type-post status-publish format-standard has-post-thumbnail hentry category-kategori-1 has-post-title no-post-date has-post-category has-post-tag has-post-comment has-post-author \">\n\t\n\t\t\t\t<figure class=\"post-image tf_clearfix\">\n\t\t\t    \t\t\t\t\t\t\t\t<a href=\"http:\/\/ankaraasilmakine.com\/en\/energy\/\">\n\t\t\t\t\t\t\t\t<img loading=\"lazy\" decoding=\"async\" src=\"http:\/\/ankaraasilmakine.com\/en\/wp-content\/uploads\/2021\/04\/enetgy-400x400.jpg\" width=\"400\" height=\"400\" class=\"wp-post-image wp-image-653\" title=\"Energy\" alt=\"Energy\" srcset=\"http:\/\/ankaraasilmakine.com\/en\/wp-content\/uploads\/2021\/04\/enetgy.jpg 400w, http:\/\/ankaraasilmakine.com\/en\/wp-content\/uploads\/2021\/04\/enetgy-300x300.jpg 300w, http:\/\/ankaraasilmakine.com\/en\/wp-content\/uploads\/2021\/04\/enetgy-150x150.jpg 150w\" sizes=\"auto, (max-width: 400px) 100vw, 400px\" \/>\t\t\t\t\t\t\t\t    \t\t\t\t<\/a>\n\t\t\t\t\t\t\t    \t\t\t<\/figure>\n\t\t\t\n\t<div class=\"post-content\">\n\t\t\n\t\t\t<h2 class=\"post-title entry-title\"><a href=\"http:\/\/ankaraasilmakine.com\/en\/energy\/\">Energy<\/a><\/h2>\n\t\t\t<div class=\"entry-content\">\n\n\t    \n\t<\/div><!-- \/.entry-content -->\n\t\n\t\t\n\n\t<\/div>\n\t<!-- \/.post-content -->\n\n    <\/div>\n<!--\/post -->\n\n<div id=\"post-83\" class=\"post tf_clearfix cat-1 post-83 type-post status-publish format-standard has-post-thumbnail hentry category-kategori-1 has-post-title no-post-date has-post-category has-post-tag has-post-comment has-post-author \">\n\t\n\t\t\t\t<figure class=\"post-image tf_clearfix\">\n\t\t\t    \t\t\t\t\t\t\t\t<a href=\"http:\/\/ankaraasilmakine.com\/en\/iron-steel-industry\/\">\n\t\t\t\t\t\t\t\t<img loading=\"lazy\" decoding=\"async\" src=\"http:\/\/ankaraasilmakine.com\/en\/wp-content\/uploads\/2021\/04\/Haddehane-400x400.jpg\" width=\"400\" height=\"400\" class=\"wp-post-image wp-image-655\" title=\"Haddehane\" alt=\"Haddehane\" srcset=\"http:\/\/ankaraasilmakine.com\/en\/wp-content\/uploads\/2021\/04\/Haddehane.jpg 400w, http:\/\/ankaraasilmakine.com\/en\/wp-content\/uploads\/2021\/04\/Haddehane-300x300.jpg 300w, http:\/\/ankaraasilmakine.com\/en\/wp-content\/uploads\/2021\/04\/Haddehane-150x150.jpg 150w\" sizes=\"auto, (max-width: 400px) 100vw, 400px\" \/>\t\t\t\t\t\t\t\t    \t\t\t\t<\/a>\n\t\t\t\t\t\t\t    \t\t\t<\/figure>\n\t\t\t\n\t<div class=\"post-content\">\n\t\t\n\t\t\t<h2 class=\"post-title entry-title\"><a href=\"http:\/\/ankaraasilmakine.com\/en\/iron-steel-industry\/\">Iron &#038; Steel Industry<\/a><\/h2>\n\t\t\t<div class=\"entry-content\">\n\n\t    \n\t<\/div><!-- \/.entry-content -->\n\t\n\t\t\n\n\t<\/div>\n\t<!-- \/.post-content -->\n\n    <\/div>\n<!--\/post -->\n\n<div id=\"post-46\" class=\"post tf_clearfix cat-1 post-46 type-post status-publish format-standard has-post-thumbnail hentry category-kategori-1 has-post-title no-post-date has-post-category has-post-tag has-post-comment has-post-author \">\n\t\n\t\t\t\t<figure class=\"post-image tf_clearfix\">\n\t\t\t    \t\t\t\t\t\t\t\t<a href=\"http:\/\/ankaraasilmakine.com\/en\/cement-mining\/\">\n\t\t\t\t\t\t\t\t<img loading=\"lazy\" decoding=\"async\" src=\"http:\/\/ankaraasilmakine.com\/en\/wp-content\/uploads\/2021\/04\/Ceneli-Kirici-400x400.jpg\" width=\"400\" height=\"400\" class=\"wp-post-image wp-image-657\" title=\"Ceneli K\u0131r\u0131c\u0131\" alt=\"Ceneli K\u0131r\u0131c\u0131\" srcset=\"http:\/\/ankaraasilmakine.com\/en\/wp-content\/uploads\/2021\/04\/Ceneli-Kirici.jpg 400w, http:\/\/ankaraasilmakine.com\/en\/wp-content\/uploads\/2021\/04\/Ceneli-Kirici-300x300.jpg 300w, http:\/\/ankaraasilmakine.com\/en\/wp-content\/uploads\/2021\/04\/Ceneli-Kirici-150x150.jpg 150w\" sizes=\"auto, (max-width: 400px) 100vw, 400px\" \/>\t\t\t\t\t\t\t\t    \t\t\t\t<\/a>\n\t\t\t\t\t\t\t    \t\t\t<\/figure>\n\t\t\t\n\t<div class=\"post-content\">\n\t\t\n\t\t\t<h2 class=\"post-title entry-title\"><a href=\"http:\/\/ankaraasilmakine.com\/en\/cement-mining\/\">Cement &#038; Mining<\/a><\/h2>\n\t\t\t<div class=\"entry-content\">\n\n\t    \n\t<\/div><!-- \/.entry-content -->\n\t\n\t\t\n\n\t<\/div>\n\t<!-- \/.post-content -->\n\n    <\/div>\n<!--\/post -->\n    <\/div><!-- .builder-posts-wrap -->\n        <\/div>\n<!-- \/module post -->\n\t        <\/div>\n\t    \t<\/div>\n\t\t    <\/div>\n\t    <!-- \/row_inner -->\n\t<\/div>\n\t<!-- \/module_row -->\n\t<\/div>\n<!--\/themify_builder_content-->","protected":false},"excerpt":{"rendered":"","protected":false},"author":1,"featured_media":0,"parent":0,"menu_order":0,"comment_status":"closed","ping_status":"closed","template":"","meta":{"footnotes":""},"class_list":["post-22","page","type-page","status-publish","hentry","has-post-title","has-post-date","has-post-category","has-post-tag","has-post-comment","has-post-author",""],"builder_content":"","_links":{"self":[{"href":"http:\/\/ankaraasilmakine.com\/en\/wp-json\/wp\/v2\/pages\/22","targetHints":{"allow":["GET"]}}],"collection":[{"href":"http:\/\/ankaraasilmakine.com\/en\/wp-json\/wp\/v2\/pages"}],"about":[{"href":"http:\/\/ankaraasilmakine.com\/en\/wp-json\/wp\/v2\/types\/page"}],"author":[{"embeddable":true,"href":"http:\/\/ankaraasilmakine.com\/en\/wp-json\/wp\/v2\/users\/1"}],"replies":[{"embeddable":true,"href":"http:\/\/ankaraasilmakine.com\/en\/wp-json\/wp\/v2\/comments?post=22"}],"version-history":[{"count":8,"href":"http:\/\/ankaraasilmakine.com\/en\/wp-json\/wp\/v2\/pages\/22\/revisions"}],"predecessor-version":[{"id":830,"href":"http:\/\/ankaraasilmakine.com\/en\/wp-json\/wp\/v2\/pages\/22\/revisions\/830"}],"wp:attachment":[{"href":"http:\/\/ankaraasilmakine.com\/en\/wp-json\/wp\/v2\/media?parent=22"}],"curies":[{"name":"wp","href":"https:\/\/api.w.org\/{rel}","templated":true}]}}